{"id":5469,"date":"2008-01-03T23:50:27","date_gmt":"2008-01-03T23:50:27","guid":{"rendered":"http:\/\/fisicos21.com\/?page_id=5469"},"modified":"2020-02-10T11:58:24","modified_gmt":"2020-02-10T10:58:24","slug":"contacto-6","status":"publish","type":"page","link":"https:\/\/fisicos21.com\/?page_id=5469","title":{"rendered":"Contacta con Fisicos21.com"},"content":{"rendered":"<p><img decoding=\"async\" style=\"float: left; margin: 4px;\" src=\"http:\/\/desmond.imageshack.us\/Himg607\/scaled.php?server=607&amp;filename=josecw.jpg&amp;res=medium\" alt=\"d\" width=\"120\" \/><\/p>\n<p><strong>Env\u00eda un mail a <a href=\"mailto:fisicos21@gmail.com\">fisicos21@gmail.com<\/a><\/strong><\/p>\n<p><strong>JOSE MARIA GARCIA GARCIA<\/strong><\/p>\n<p>Creador de todo el contenido de fisicos21.com<\/p>\n<p>Autor de 4 libros sobre diferentes aspectos del Fisicoculturismo<br \/>\nAutor de varios cientos de art\u00edculos online<br \/>\nColaborador mensual de la Revista Muscle &amp; Health<br \/>\nDirector de AFD Multisports Academy<br \/>\nProfesor Cursos nacionales e internacionales<br \/>\nPonente en Congresos y Conferencias Internacionales (Ingl\u00e9s, Portugu\u00e9s, Espa\u00f1ol)<br \/>\nJuez Internacional IFBB (2003) Juez Nacional (2000) Juez Regional (1995)<br \/>\nDise\u00f1ador de una l\u00ednea de suplementaci\u00f3n para empresa nacional (2005-2009)<br \/>\nOrganizador de diversos eventos nacionales e internacionales<br \/>\nEntrenador Online y Presencial (n\u00famero limitado) desde 1987<\/p>\n<div style=\"margin: 20px 0;\"><div class=\"qrcswholewtapper\" style=\"text-align:left;\"><div class=\"qrcprowrapper\"  id=\"qrcwraa2leds\"><div class=\"qrc_canvass\" id=\"qrc_cuttenpages_2\" style=\"display:inline-block\" data-text=\"https:\/\/fisicos21.com\/?page_id=5469\"><\/div><div><a download=\"Contacta con Fisicos21.com.png\" class=\"qrcdownloads\" id=\"worign\">\r\n           <button type=\"button\" style=\"min-width:206px;background:#dddddd;color:#000;font-weight: 600;border: 1px solid #dddddd;border-radius:4px;font-size:12px;padding: 6px 0;\" class=\"uqr_code_btn\">Download QR<\/button>\r\n           <\/a><\/div><\/div><\/div><\/div>","protected":false},"excerpt":{"rendered":"<p>Env\u00eda un mail a fisicos21@gmail.com JOSE MARIA GARCIA GARCIA Creador de todo el contenido de fisicos21.com Autor de 4 libros sobre diferentes aspectos del Fisicoculturismo Autor de varios cientos de art\u00edculos online Colaborador mensual de la Revista Muscle &amp; Health Director de AFD Multisports Academy Profesor Cursos nacionales e internacionales Ponente en Congresos y Conferencias [&hellip;]<\/p>\n","protected":false},"author":3,"featured_media":0,"parent":0,"menu_order":0,"comment_status":"open","ping_status":"closed","template":"","meta":{"_monsterinsights_skip_tracking":false,"_monsterinsights_sitenote_active":false,"_monsterinsights_sitenote_note":"","_monsterinsights_sitenote_category":0,"footnotes":""},"class_list":["post-5469","page","type-page","status-publish","hentry"],"_links":{"self":[{"href":"https:\/\/fisicos21.com\/index.php?rest_route=\/wp\/v2\/pages\/5469","targetHints":{"allow":["GET"]}}],"collection":[{"href":"https:\/\/fisicos21.com\/index.php?rest_route=\/wp\/v2\/pages"}],"about":[{"href":"https:\/\/fisicos21.com\/index.php?rest_route=\/wp\/v2\/types\/page"}],"author":[{"embeddable":true,"href":"https:\/\/fisicos21.com\/index.php?rest_route=\/wp\/v2\/users\/3"}],"replies":[{"embeddable":true,"href":"https:\/\/fisicos21.com\/index.php?rest_route=%2Fwp%2Fv2%2Fcomments&post=5469"}],"version-history":[{"count":7,"href":"https:\/\/fisicos21.com\/index.php?rest_route=\/wp\/v2\/pages\/5469\/revisions"}],"predecessor-version":[{"id":12793,"href":"https:\/\/fisicos21.com\/index.php?rest_route=\/wp\/v2\/pages\/5469\/revisions\/12793"}],"wp:attachment":[{"href":"https:\/\/fisicos21.com\/index.php?rest_route=%2Fwp%2Fv2%2Fmedia&parent=5469"}],"curies":[{"name":"wp","href":"https:\/\/api.w.org\/{rel}","templated":true}]}}